{"id":694,"date":"2025-10-03T16:40:03","date_gmt":"2025-10-03T16:40:03","guid":{"rendered":"https:\/\/ecogestionmultiservicios.com\/?page_id=694"},"modified":"2025-11-07T11:35:03","modified_gmt":"2025-11-07T11:35:03","slug":"our-collaborations","status":"publish","type":"page","link":"https:\/\/ecogestionmultiservicios.com\/en\/our-collaborations\/","title":{"rendered":"Collaborations"},"content":{"rendered":"\t\t<div data-elementor-type=\"wp-page\" data-elementor-id=\"694\" class=\"elementor elementor-694\" data-elementor-post-type=\"page\">\n\t\t\t\t<div class=\"elementor-element elementor-element-20892395 e-con-full e-flex e-con e-parent\" data-id=\"20892395\" data-element_type=\"container\" data-e-type=\"container\" data-settings=\"{&quot;background_background&quot;:&quot;gradient&quot;}\">\n\t\t<div class=\"elementor-element elementor-element-3b3a472c e-con-full e-flex e-con e-child\" data-id=\"3b3a472c\" data-element_type=\"container\" data-e-type=\"container\" data-settings=\"{&quot;background_background&quot;:&quot;classic&quot;}\">\n\t\t\t\t<div class=\"elementor-element elementor-element-8549ac5 elementor-mobile-align-center elementor-invisible elementor-widget elementor-widget-breadcrumbs\" data-id=\"8549ac5\" data-element_type=\"widget\" data-e-type=\"widget\" data-settings=\"{&quot;_animation&quot;:&quot;fadeInUp&quot;}\" data-widget_type=\"breadcrumbs.default\">\n\t\t\t\t<div class=\"elementor-widget-container\">\n\t\t\t\t\t<nav aria-label=\"breadcrumbs\" class=\"rank-math-breadcrumb\"><p><span class=\"last\">Inicio<\/span><\/p><\/nav>\t\t\t\t<\/div>\n\t\t\t\t<\/div>\n\t\t\t\t<div class=\"elementor-element elementor-element-5cf10a76 elementor-invisible elementor-widget elementor-widget-heading\" data-id=\"5cf10a76\" data-element_type=\"widget\" data-e-type=\"widget\" data-settings=\"{&quot;_animation&quot;:&quot;fadeInUp&quot;,&quot;_animation_delay&quot;:200}\" data-widget_type=\"heading.default\">\n\t\t\t\t\t<h1 class=\"elementor-heading-title elementor-size-default\">Nuestras Colaboraciones<\/h1>\t\t\t\t<\/div>\n\t\t\t\t<div class=\"elementor-element elementor-element-4b8a759a elementor-invisible elementor-widget elementor-widget-heading\" data-id=\"4b8a759a\" data-element_type=\"widget\" data-e-type=\"widget\" data-settings=\"{&quot;_animation&quot;:&quot;fadeInDown&quot;,&quot;_animation_delay&quot;:300}\" data-widget_type=\"heading.default\">\n\t\t\t\t\t<div class=\"elementor-heading-title elementor-size-default\">En Ecogesti\u00f3n Multiservicio creemos en la fuerza del trabajo conjunto. Por eso, compartimos aqu\u00ed nuestras colaboraciones con empresas y organizaciones que aportan experiencia, innovaci\u00f3n y compromiso a cada proyecto.<\/div>\t\t\t\t<\/div>\n\t\t\t\t<\/div>\n\t\t<div class=\"elementor-element elementor-element-3a4d9c79 e-con-full e-flex elementor-invisible e-con e-child\" data-id=\"3a4d9c79\" data-element_type=\"container\" data-e-type=\"container\" data-settings=\"{&quot;background_background&quot;:&quot;gradient&quot;,&quot;animation&quot;:&quot;fadeInRight&quot;}\">\n\t\t\t\t<div class=\"elementor-element elementor-element-30edcdd2 elementor-widget elementor-widget-image\" data-id=\"30edcdd2\" data-element_type=\"widget\" data-e-type=\"widget\" data-widget_type=\"image.default\">\n\t\t\t\t\t\t\t\t\t\t\t\t\t\t\t<img fetchpriority=\"high\" decoding=\"async\" width=\"1280\" height=\"853\" src=\"https:\/\/ecogestionmultiservicios.com\/wp-content\/uploads\/2025\/08\/cropped-view-of-professional-cleaner-from-cleaning-service-vacuums-carpet-.jpg\" class=\"attachment-full size-full wp-image-133\" alt=\"Nuestras Colaboraciones\" srcset=\"https:\/\/ecogestionmultiservicios.com\/wp-content\/uploads\/2025\/08\/cropped-view-of-professional-cleaner-from-cleaning-service-vacuums-carpet-.jpg 1280w, https:\/\/ecogestionmultiservicios.com\/wp-content\/uploads\/2025\/08\/cropped-view-of-professional-cleaner-from-cleaning-service-vacuums-carpet--300x200.jpg 300w, https:\/\/ecogestionmultiservicios.com\/wp-content\/uploads\/2025\/08\/cropped-view-of-professional-cleaner-from-cleaning-service-vacuums-carpet--1024x682.jpg 1024w, https:\/\/ecogestionmultiservicios.com\/wp-content\/uploads\/2025\/08\/cropped-view-of-professional-cleaner-from-cleaning-service-vacuums-carpet--768x512.jpg 768w\" sizes=\"(max-width: 1280px) 100vw, 1280px\" title=\"\">\t\t\t\t\t\t\t\t\t\t\t\t\t\t\t<\/div>\n\t\t\t\t<\/div>\n\t\t\t\t<\/div>\n\t\t<div class=\"elementor-element elementor-element-a2f8adb e-flex e-con-boxed e-con e-parent\" data-id=\"a2f8adb\" data-element_type=\"container\" data-e-type=\"container\">\n\t\t\t\t\t<div class=\"e-con-inner\">\n\t\t\t\t<div class=\"elementor-element elementor-element-cbffd5a elementor-invisible elementor-widget elementor-widget-heading\" data-id=\"cbffd5a\" data-element_type=\"widget\" data-e-type=\"widget\" data-settings=\"{&quot;_animation&quot;:&quot;fadeInUp&quot;,&quot;_animation_delay&quot;:300}\" data-widget_type=\"heading.default\">\n\t\t\t\t\t<h2 class=\"elementor-heading-title elementor-size-default\">Empresas y organizaciones que colaboran con nosotros<\/h2>\t\t\t\t<\/div>\n\t\t\t\t<div class=\"elementor-element elementor-element-7a97c6d elementor-widget elementor-widget-text-editor\" data-id=\"7a97c6d\" data-element_type=\"widget\" data-e-type=\"widget\" data-widget_type=\"text-editor.default\">\n\t\t\t\t\t\t\t\t\t<p>Gracias a estas alianzas podemos ofrecer soluciones m\u00e1s completas y sostenibles, ampliando el alcance y la calidad de nuestros servicios.<\/p>\t\t\t\t\t\t\t\t<\/div>\n\t\t\t\t<div class=\"elementor-element elementor-element-45203a0 elementor-widget elementor-widget-jet-listing-grid\" data-id=\"45203a0\" data-element_type=\"widget\" data-e-type=\"widget\" data-settings=\"{&quot;columns&quot;:3,&quot;columns_tablet&quot;:&quot;2&quot;,&quot;columns_mobile&quot;:&quot;1&quot;}\" data-widget_type=\"jet-listing-grid.default\">\n\t\t\t\t\t<div class=\"jet-listing-grid jet-listing\"><div class=\"jet-listing-grid__items grid-col-desk-3 grid-col-tablet-2 grid-col-mobile-1 jet-listing-grid--699 jet-equal-columns__wrapper\" data-queried-id=\"694|WP_Post\" data-cct-slug=\"nuestros_multiservic\" data-nav=\"{&quot;enabled&quot;:true,&quot;type&quot;:&quot;click&quot;,&quot;more_el&quot;:&quot;#colaboradores&quot;,&quot;query&quot;:{&quot;order&quot;:[],&quot;args&quot;:[],&quot;offset&quot;:0,&quot;signature&quot;:&quot;559748c3020f5e985393378b12698aaf2ba4c64c701d2543ca3dfb948095a2cb&quot;},&quot;widget_settings&quot;:{&quot;lisitng_id&quot;:699,&quot;posts_num&quot;:6,&quot;columns&quot;:3,&quot;columns_tablet&quot;:2,&quot;columns_mobile&quot;:1,&quot;column_min_width&quot;:240,&quot;column_min_width_tablet&quot;:240,&quot;column_min_width_mobile&quot;:240,&quot;inline_columns_css&quot;:false,&quot;is_archive_template&quot;:&quot;&quot;,&quot;post_status&quot;:[&quot;publish&quot;],&quot;use_random_posts_num&quot;:&quot;&quot;,&quot;max_posts_num&quot;:9,&quot;not_found_message&quot;:&quot;No data was found&quot;,&quot;is_masonry&quot;:false,&quot;equal_columns_height&quot;:&quot;yes&quot;,&quot;use_load_more&quot;:&quot;yes&quot;,&quot;load_more_id&quot;:&quot;colaboradores&quot;,&quot;load_more_type&quot;:&quot;click&quot;,&quot;load_more_offset&quot;:{&quot;unit&quot;:&quot;px&quot;,&quot;size&quot;:0,&quot;sizes&quot;:[]},&quot;use_custom_post_types&quot;:&quot;&quot;,&quot;custom_post_types&quot;:[],&quot;hide_widget_if&quot;:&quot;&quot;,&quot;carousel_enabled&quot;:&quot;&quot;,&quot;slides_to_scroll&quot;:&quot;1&quot;,&quot;arrows&quot;:&quot;true&quot;,&quot;arrow_icon&quot;:&quot;fa fa-angle-left&quot;,&quot;dots&quot;:&quot;&quot;,&quot;autoplay&quot;:&quot;true&quot;,&quot;pause_on_hover&quot;:&quot;true&quot;,&quot;autoplay_speed&quot;:5000,&quot;infinite&quot;:&quot;true&quot;,&quot;center_mode&quot;:&quot;&quot;,&quot;effect&quot;:&quot;slide&quot;,&quot;speed&quot;:500,&quot;inject_alternative_items&quot;:&quot;&quot;,&quot;injection_items&quot;:[],&quot;scroll_slider_enabled&quot;:&quot;&quot;,&quot;scroll_slider_on&quot;:[&quot;desktop&quot;,&quot;tablet&quot;,&quot;mobile&quot;],&quot;custom_query&quot;:false,&quot;custom_query_id&quot;:&quot;&quot;,&quot;_element_id&quot;:&quot;&quot;,&quot;collapse_first_last_gap&quot;:false,&quot;list_tag_selection&quot;:&quot;&quot;,&quot;list_items_wrapper_tag&quot;:&quot;div&quot;,&quot;list_item_tag&quot;:&quot;div&quot;,&quot;empty_items_wrapper_tag&quot;:&quot;div&quot;}}\" data-page=\"1\" data-pages=\"1\" data-listing-source=\"custom_content_type\" data-listing-id=\"699\" data-query-id=\"\"><div class=\"jet-listing-grid__item jet-listing-dynamic-post-4 jet-equal-columns\" data-post-id=\"4\"  >\t\t<div data-elementor-type=\"jet-listing-items\" data-elementor-id=\"699\" class=\"elementor elementor-699\" data-elementor-post-type=\"jet-engine\">\n\t\t\t\t<div class=\"elementor-element elementor-element-2fb77b6 e-flex e-con-boxed e-con e-parent\" data-id=\"2fb77b6\" data-element_type=\"container\" data-e-type=\"container\" data-settings=\"{&quot;background_background&quot;:&quot;classic&quot;}\">\n\t\t\t\t\t<div class=\"e-con-inner\">\n\t\t<div class=\"elementor-element elementor-element-a66d3c3 e-con-full e-flex e-con e-child\" data-id=\"a66d3c3\" data-element_type=\"container\" data-e-type=\"container\" data-settings=\"{&quot;background_background&quot;:&quot;classic&quot;}\">\n\t\t\t\t<div class=\"elementor-element elementor-element-37ab8b8 elementor-widget elementor-widget-image\" data-id=\"37ab8b8\" data-element_type=\"widget\" data-e-type=\"widget\" data-widget_type=\"image.default\">\n\t\t\t\t\t\t\t\t\t\t\t\t\t\t\t\t<a href=\"https:\/\/www.farmasi.es\/Silviahg?gad_source=1&#038;gad_campaignid=22435925687&#038;gbraid=0AAAAACiHo-dMFzJucnQkD_9ZyBkKe3JwA&#038;gclid=CjwKCAiAzrbIBhA3EiwAUBaUdZUqQbdHQRaWbfGIGQTfo-BC0UOUotftG1ally8nmXJ3rZVu1Kk3vRoCcA8QAvD_BwE\" target=\"_blank\" rel=\"noopener\">\n\t\t\t\t\t\t\t<img decoding=\"async\" width=\"198\" height=\"83\" src=\"https:\/\/ecogestionmultiservicios.com\/wp-content\/uploads\/2025\/11\/logo.6986c7a9.svg\" class=\"attachment-full size-full wp-image-909\" alt=\"\" title=\"\">\t\t\t\t\t\t\t\t<\/a>\n\t\t\t\t\t\t\t\t\t\t\t\t\t\t\t<\/div>\n\t\t\t\t<div class=\"elementor-element elementor-element-f6032cd elementor-widget elementor-widget-heading\" data-id=\"f6032cd\" data-element_type=\"widget\" data-e-type=\"widget\" data-widget_type=\"heading.default\">\n\t\t\t\t\t<h3 class=\"elementor-heading-title elementor-size-default\">FARMASI<\/h3>\t\t\t\t<\/div>\n\t\t\t\t<div class=\"elementor-element elementor-element-e211d1e elementor-widget elementor-widget-text-editor\" data-id=\"e211d1e\" data-element_type=\"widget\" data-e-type=\"widget\" data-widget_type=\"text-editor.default\">\n\t\t\t\t\t\t\t\t\t<p>Farmasi es una marca internacional de cosm\u00e9ticos y productos de cuidado personal que se vende a trav\u00e9s de un modelo de venta directa, ofreciendo productos de belleza, cuidado de la piel, cuidado del cabello, nutrici\u00f3n y para el hogar.<\/p>\n\t\t\t\t\t\t\t\t<\/div>\n\t\t\t\t<\/div>\n\t\t\t\t<div class=\"elementor-element elementor-element-d243e80 elementor-align-left elementor-mobile-align-justify elementor-widget elementor-widget-button\" data-id=\"d243e80\" data-element_type=\"widget\" data-e-type=\"widget\" data-widget_type=\"button.default\">\n\t\t\t\t\t\t\t\t\t\t<a class=\"elementor-button elementor-button-link elementor-size-sm\" href=\"https:\/\/www.farmasi.es\/Silviahg?gad_source=1&#038;gad_campaignid=22435925687&#038;gbraid=0AAAAACiHo-dMFzJucnQkD_9ZyBkKe3JwA&#038;gclid=CjwKCAiAzrbIBhA3EiwAUBaUdZUqQbdHQRaWbfGIGQTfo-BC0UOUotftG1ally8nmXJ3rZVu1Kk3vRoCcA8QAvD_BwE\" target=\"_blank\" rel=\"noopener\">\n\t\t\t\t\t\t<span class=\"elementor-button-content-wrapper\">\n\t\t\t\t\t\t<span class=\"elementor-button-icon\">\n\t\t\t\t<i aria-hidden=\"true\" class=\" arrow_carrot-right_alt\"><\/i>\t\t\t<\/span>\n\t\t\t\t\t\t\t\t\t<span class=\"elementor-button-text\">Conocer empresa<\/span>\n\t\t\t\t\t<\/span>\n\t\t\t\t\t<\/a>\n\t\t\t\t\t\t\t\t<\/div>\n\t\t\t\t\t<\/div>\n\t\t\t\t<\/div>\n\t\t\t\t<\/div>\n\t\t<\/div><div class=\"jet-listing-grid__item jet-listing-dynamic-post-3 jet-equal-columns\" data-post-id=\"3\"  >\t\t<div data-elementor-type=\"jet-listing-items\" data-elementor-id=\"699\" class=\"elementor elementor-699\" data-elementor-post-type=\"jet-engine\">\n\t\t\t\t<div class=\"elementor-element elementor-element-2fb77b6 e-flex e-con-boxed e-con e-parent\" data-id=\"2fb77b6\" data-element_type=\"container\" data-e-type=\"container\" data-settings=\"{&quot;background_background&quot;:&quot;classic&quot;}\">\n\t\t\t\t\t<div class=\"e-con-inner\">\n\t\t<div class=\"elementor-element elementor-element-a66d3c3 e-con-full e-flex e-con e-child\" data-id=\"a66d3c3\" data-element_type=\"container\" data-e-type=\"container\" data-settings=\"{&quot;background_background&quot;:&quot;classic&quot;}\">\n\t\t\t\t<div class=\"elementor-element elementor-element-37ab8b8 elementor-widget elementor-widget-image\" data-id=\"37ab8b8\" data-element_type=\"widget\" data-e-type=\"widget\" data-widget_type=\"image.default\">\n\t\t\t\t\t\t\t\t\t\t\t\t\t\t\t\t<a href=\"https:\/\/www.enagiceu.com\/es\/\" target=\"_blank\" rel=\"noopener\">\n\t\t\t\t\t\t\t<img decoding=\"async\" width=\"100\" height=\"100\" src=\"https:\/\/ecogestionmultiservicios.com\/wp-content\/uploads\/2025\/11\/logo_mobile_eu.svg\" class=\"attachment-full size-full wp-image-907\" alt=\"\" title=\"\">\t\t\t\t\t\t\t\t<\/a>\n\t\t\t\t\t\t\t\t\t\t\t\t\t\t\t<\/div>\n\t\t\t\t<div class=\"elementor-element elementor-element-f6032cd elementor-widget elementor-widget-heading\" data-id=\"f6032cd\" data-element_type=\"widget\" data-e-type=\"widget\" data-widget_type=\"heading.default\">\n\t\t\t\t\t<h3 class=\"elementor-heading-title elementor-size-default\">ENAGIC<\/h3>\t\t\t\t<\/div>\n\t\t\t\t<div class=\"elementor-element elementor-element-e211d1e elementor-widget elementor-widget-text-editor\" data-id=\"e211d1e\" data-element_type=\"widget\" data-e-type=\"widget\" data-widget_type=\"text-editor.default\">\n\t\t\t\t\t\t\t\t\t<p>Durante m\u00e1s de cinco d\u00e9cadas, Enagic International ha sido l\u00edder mundial en tecnolog\u00eda de agua alcalina e ionizadores de agua, fabricando purificadores de agua alcalina de primera calidad y sistemas de filtraci\u00f3n de agua para el hogar que transforman el agua del grifo com\u00fan en agua potable alcalina pura, saludable y rica en hidr\u00f3geno.<\/p>\n\t\t\t\t\t\t\t\t<\/div>\n\t\t\t\t<\/div>\n\t\t\t\t<div class=\"elementor-element elementor-element-d243e80 elementor-align-left elementor-mobile-align-justify elementor-widget elementor-widget-button\" data-id=\"d243e80\" data-element_type=\"widget\" data-e-type=\"widget\" data-widget_type=\"button.default\">\n\t\t\t\t\t\t\t\t\t\t<a class=\"elementor-button elementor-button-link elementor-size-sm\" href=\"https:\/\/www.enagiceu.com\/es\/\" target=\"_blank\" rel=\"noopener\">\n\t\t\t\t\t\t<span class=\"elementor-button-content-wrapper\">\n\t\t\t\t\t\t<span class=\"elementor-button-icon\">\n\t\t\t\t<i aria-hidden=\"true\" class=\" arrow_carrot-right_alt\"><\/i>\t\t\t<\/span>\n\t\t\t\t\t\t\t\t\t<span class=\"elementor-button-text\">Conocer empresa<\/span>\n\t\t\t\t\t<\/span>\n\t\t\t\t\t<\/a>\n\t\t\t\t\t\t\t\t<\/div>\n\t\t\t\t\t<\/div>\n\t\t\t\t<\/div>\n\t\t\t\t<\/div>\n\t\t<\/div><div class=\"jet-listing-grid__item jet-listing-dynamic-post-2 jet-equal-columns\" data-post-id=\"2\"  >\t\t<div data-elementor-type=\"jet-listing-items\" data-elementor-id=\"699\" class=\"elementor elementor-699\" data-elementor-post-type=\"jet-engine\">\n\t\t\t\t<div class=\"elementor-element elementor-element-2fb77b6 e-flex e-con-boxed e-con e-parent\" data-id=\"2fb77b6\" data-element_type=\"container\" data-e-type=\"container\" data-settings=\"{&quot;background_background&quot;:&quot;classic&quot;}\">\n\t\t\t\t\t<div class=\"e-con-inner\">\n\t\t<div class=\"elementor-element elementor-element-a66d3c3 e-con-full e-flex e-con e-child\" data-id=\"a66d3c3\" data-element_type=\"container\" data-e-type=\"container\" data-settings=\"{&quot;background_background&quot;:&quot;classic&quot;}\">\n\t\t\t\t<div class=\"elementor-element elementor-element-37ab8b8 elementor-widget elementor-widget-image\" data-id=\"37ab8b8\" data-element_type=\"widget\" data-e-type=\"widget\" data-widget_type=\"image.default\">\n\t\t\t\t\t\t\t\t\t\t\t\t\t\t\t\t<a href=\"https:\/\/www.immunotec.com\/es-ES\/2565302\/products?tm=tt&#038;ap=gads&#038;aaid=adaibFayjE0sR&#038;gad_source=1&#038;gad_campaignid=20334964542&#038;gbraid=0AAAAApo7ysWODlI5q0IuS_smn00fqN5R9&#038;gclid=CjwKCAiAzrbIBhA3EiwAUBaUdfqfIPws-wJl9nNZrDsrdPL1jcEwqMd6OxHbvZNKpYkOv3_3Da65HxoCbFwQAvD_BwE\" target=\"_blank\" rel=\"noopener\">\n\t\t\t\t\t\t\t<img loading=\"lazy\" decoding=\"async\" width=\"226\" height=\"26\" src=\"https:\/\/ecogestionmultiservicios.com\/wp-content\/uploads\/2025\/11\/immunotec.svg\" class=\"attachment-full size-full wp-image-906\" alt=\"\" title=\"\">\t\t\t\t\t\t\t\t<\/a>\n\t\t\t\t\t\t\t\t\t\t\t\t\t\t\t<\/div>\n\t\t\t\t<div class=\"elementor-element elementor-element-f6032cd elementor-widget elementor-widget-heading\" data-id=\"f6032cd\" data-element_type=\"widget\" data-e-type=\"widget\" data-widget_type=\"heading.default\">\n\t\t\t\t\t<h3 class=\"elementor-heading-title elementor-size-default\">IMMUNOTEC<\/h3>\t\t\t\t<\/div>\n\t\t\t\t<div class=\"elementor-element elementor-element-e211d1e elementor-widget elementor-widget-text-editor\" data-id=\"e211d1e\" data-element_type=\"widget\" data-e-type=\"widget\" data-widget_type=\"text-editor.default\">\n\t\t\t\t\t\t\t\t\t<p>Desde hace m\u00e1s de 45 a\u00f1os, Immunotec desarrolla y te ofrece los productos que necesitas para obtener unos resultados extraordinarios y disfrutar de mayor bienestar. Aprovecha los beneficios de nuestras f\u00f3rmulas que ayudan a fortalecer el sistema inmune y mejoran tu salud*.<\/p>\n\t\t\t\t\t\t\t\t<\/div>\n\t\t\t\t<\/div>\n\t\t\t\t<div class=\"elementor-element elementor-element-d243e80 elementor-align-left elementor-mobile-align-justify elementor-widget elementor-widget-button\" data-id=\"d243e80\" data-element_type=\"widget\" data-e-type=\"widget\" data-widget_type=\"button.default\">\n\t\t\t\t\t\t\t\t\t\t<a class=\"elementor-button elementor-button-link elementor-size-sm\" href=\"https:\/\/www.immunotec.com\/es-ES\/2565302\/products?tm=tt&#038;ap=gads&#038;aaid=adaibFayjE0sR&#038;gad_source=1&#038;gad_campaignid=20334964542&#038;gbraid=0AAAAApo7ysWODlI5q0IuS_smn00fqN5R9&#038;gclid=CjwKCAiAzrbIBhA3EiwAUBaUdfqfIPws-wJl9nNZrDsrdPL1jcEwqMd6OxHbvZNKpYkOv3_3Da65HxoCbFwQAvD_BwE\" target=\"_blank\" rel=\"noopener\">\n\t\t\t\t\t\t<span class=\"elementor-button-content-wrapper\">\n\t\t\t\t\t\t<span class=\"elementor-button-icon\">\n\t\t\t\t<i aria-hidden=\"true\" class=\" arrow_carrot-right_alt\"><\/i>\t\t\t<\/span>\n\t\t\t\t\t\t\t\t\t<span class=\"elementor-button-text\">Conocer empresa<\/span>\n\t\t\t\t\t<\/span>\n\t\t\t\t\t<\/a>\n\t\t\t\t\t\t\t\t<\/div>\n\t\t\t\t\t<\/div>\n\t\t\t\t<\/div>\n\t\t\t\t<\/div>\n\t\t<\/div><div class=\"jet-listing-grid__item jet-listing-dynamic-post-1 jet-equal-columns\" data-post-id=\"1\"  >\t\t<div data-elementor-type=\"jet-listing-items\" data-elementor-id=\"699\" class=\"elementor elementor-699\" data-elementor-post-type=\"jet-engine\">\n\t\t\t\t<div class=\"elementor-element elementor-element-2fb77b6 e-flex e-con-boxed e-con e-parent\" data-id=\"2fb77b6\" data-element_type=\"container\" data-e-type=\"container\" data-settings=\"{&quot;background_background&quot;:&quot;classic&quot;}\">\n\t\t\t\t\t<div class=\"e-con-inner\">\n\t\t<div class=\"elementor-element elementor-element-a66d3c3 e-con-full e-flex e-con e-child\" data-id=\"a66d3c3\" data-element_type=\"container\" data-e-type=\"container\" data-settings=\"{&quot;background_background&quot;:&quot;classic&quot;}\">\n\t\t\t\t<div class=\"elementor-element elementor-element-37ab8b8 elementor-widget elementor-widget-image\" data-id=\"37ab8b8\" data-element_type=\"widget\" data-e-type=\"widget\" data-widget_type=\"image.default\">\n\t\t\t\t\t\t\t\t\t\t\t\t\t\t\t\t<a href=\"https:\/\/www.ageraaproyectohogar.org\/\" target=\"_blank\" rel=\"noopener\">\n\t\t\t\t\t\t\t<img loading=\"lazy\" decoding=\"async\" width=\"180\" height=\"76\" src=\"https:\/\/ecogestionmultiservicios.com\/wp-content\/uploads\/2025\/10\/logoAGEERAOFICIAL-PATENTES-183w.webp\" class=\"attachment-full size-full wp-image-698\" alt=\"\" srcset=\"https:\/\/ecogestionmultiservicios.com\/wp-content\/uploads\/2025\/10\/logoAGEERAOFICIAL-PATENTES-183w.webp 180w, https:\/\/ecogestionmultiservicios.com\/wp-content\/uploads\/2025\/10\/logoAGEERAOFICIAL-PATENTES-183w-18x8.webp 18w\" sizes=\"(max-width: 180px) 100vw, 180px\" title=\"\">\t\t\t\t\t\t\t\t<\/a>\n\t\t\t\t\t\t\t\t\t\t\t\t\t\t\t<\/div>\n\t\t\t\t<div class=\"elementor-element elementor-element-f6032cd elementor-widget elementor-widget-heading\" data-id=\"f6032cd\" data-element_type=\"widget\" data-e-type=\"widget\" data-widget_type=\"heading.default\">\n\t\t\t\t\t<h3 class=\"elementor-heading-title elementor-size-default\">Ageraa Proyecto Hogar<\/h3>\t\t\t\t<\/div>\n\t\t\t\t<div class=\"elementor-element elementor-element-e211d1e elementor-widget elementor-widget-text-editor\" data-id=\"e211d1e\" data-element_type=\"widget\" data-e-type=\"widget\" data-widget_type=\"text-editor.default\">\n\t\t\t\t\t\t\t\t\t<p>Organizaci\u00f3n sin \u00e1nimo de lucro que trabaja por la dignidad de los animales abandonados. Ofrece adopci\u00f3n, acogida temporal, apadrinamientos, voluntariado y gesti\u00f3n de recursos para mejorar la calidad de vida de perros y gatos.<\/p>\n\t\t\t\t\t\t\t\t<\/div>\n\t\t\t\t<\/div>\n\t\t\t\t<div class=\"elementor-element elementor-element-d243e80 elementor-align-left elementor-mobile-align-justify elementor-widget elementor-widget-button\" data-id=\"d243e80\" data-element_type=\"widget\" data-e-type=\"widget\" data-widget_type=\"button.default\">\n\t\t\t\t\t\t\t\t\t\t<a class=\"elementor-button elementor-button-link elementor-size-sm\" href=\"https:\/\/www.ageraaproyectohogar.org\/\" target=\"_blank\" rel=\"noopener\">\n\t\t\t\t\t\t<span class=\"elementor-button-content-wrapper\">\n\t\t\t\t\t\t<span class=\"elementor-button-icon\">\n\t\t\t\t<i aria-hidden=\"true\" class=\" arrow_carrot-right_alt\"><\/i>\t\t\t<\/span>\n\t\t\t\t\t\t\t\t\t<span class=\"elementor-button-text\">Conocer empresa<\/span>\n\t\t\t\t\t<\/span>\n\t\t\t\t\t<\/a>\n\t\t\t\t\t\t\t\t<\/div>\n\t\t\t\t\t<\/div>\n\t\t\t\t<\/div>\n\t\t\t\t<\/div>\n\t\t<\/div><\/div><\/div>\t\t\t\t<\/div>\n\t\t\t\t<div class=\"elementor-element elementor-element-c2b51f6 elementor-align-center elementor-widget elementor-widget-button\" data-id=\"c2b51f6\" data-element_type=\"widget\" data-e-type=\"widget\" id=\"colaboradores\" data-widget_type=\"button.default\">\n\t\t\t\t\t\t\t\t\t\t<a class=\"elementor-button elementor-button-link elementor-size-sm\" href=\"#\">\n\t\t\t\t\t\t<span class=\"elementor-button-content-wrapper\">\n\t\t\t\t\t\t\t\t\t<span class=\"elementor-button-text\">Cargar m\u00e1s colaboradores<\/span>\n\t\t\t\t\t<\/span>\n\t\t\t\t\t<\/a>\n\t\t\t\t\t\t\t\t<\/div>\n\t\t\t\t\t<\/div>\n\t\t\t\t<\/div>\n\t\t<div class=\"elementor-element elementor-element-d7b035b e-con-full e-flex e-con e-parent\" data-id=\"d7b035b\" data-element_type=\"container\" data-e-type=\"container\">\n\t\t\t\t<div class=\"elementor-element elementor-element-dcdfb0d elementor-widget elementor-widget-template\" data-id=\"dcdfb0d\" data-element_type=\"widget\" data-e-type=\"widget\" data-widget_type=\"template.default\">\n\t\t\t\t<div class=\"elementor-widget-container\">\n\t\t\t\t\t\t\t<div class=\"elementor-template\">\n\t\t\t\t\t<div data-elementor-type=\"container\" data-elementor-id=\"263\" class=\"elementor elementor-263\" data-elementor-post-type=\"elementor_library\">\n\t\t\t\t<div class=\"elementor-element elementor-element-5fa595fb e-flex e-con-boxed e-con e-parent\" data-id=\"5fa595fb\" data-element_type=\"container\" data-e-type=\"container\" data-settings=\"{&quot;background_background&quot;:&quot;classic&quot;}\">\n\t\t\t\t\t<div class=\"e-con-inner\">\n\t\t<div class=\"elementor-element elementor-element-72a4b58b e-con-full e-flex elementor-invisible e-con e-child\" data-id=\"72a4b58b\" data-element_type=\"container\" data-e-type=\"container\" data-settings=\"{&quot;animation&quot;:&quot;fadeInUp&quot;}\">\n\t\t\t\t<div class=\"elementor-element elementor-element-63bd8ff elementor-widget elementor-widget-heading\" data-id=\"63bd8ff\" data-element_type=\"widget\" data-e-type=\"widget\" data-widget_type=\"heading.default\">\n\t\t\t\t\t<h2 class=\"elementor-heading-title elementor-size-default\">Cu\u00e9ntanos qu\u00e9 necesitas. Solicita un presupuesto.<\/h2>\t\t\t\t<\/div>\n\t\t\t\t<div class=\"elementor-element elementor-element-29aa2c04 elementor-widget elementor-widget-heading\" data-id=\"29aa2c04\" data-element_type=\"widget\" data-e-type=\"widget\" data-widget_type=\"heading.default\">\n\t\t\t\t\t<div class=\"elementor-heading-title elementor-size-default\">En menos de 24h tendr\u00e1s una propuesta adaptada a las necesidades de tu comunidad o inmueble.<\/div>\t\t\t\t<\/div>\n\t\t\t\t<div class=\"elementor-element elementor-element-211d8d6e elementor-align-center elementor-widget elementor-widget-button\" data-id=\"211d8d6e\" data-element_type=\"widget\" data-e-type=\"widget\" data-widget_type=\"button.default\">\n\t\t\t\t\t\t\t\t\t\t<a class=\"elementor-button elementor-button-link elementor-size-sm\" href=\"https:\/\/ecogestionmultiservicios.com\/en\/contact-us\/\">\n\t\t\t\t\t\t<span class=\"elementor-button-content-wrapper\">\n\t\t\t\t\t\t\t\t\t<span class=\"elementor-button-text\">Contactanos<\/span>\n\t\t\t\t\t<\/span>\n\t\t\t\t\t<\/a>\n\t\t\t\t\t\t\t\t<\/div>\n\t\t\t\t<\/div>\n\t\t\t\t\t<\/div>\n\t\t\t\t<\/div>\n\t\t\t\t<\/div>\n\t\t\t\t<\/div>\n\t\t\t\t\t\t<\/div>\n\t\t\t\t<\/div>\n\t\t\t\t<\/div>\n\t\t\t\t<\/div>\n\t\t","protected":false},"excerpt":{"rendered":"<p>Inicio Nuestras Colaboraciones En Ecogesti\u00f3n Multiservicio creemos en la fuerza del trabajo conjunto. Por eso, compartimos aqu\u00ed nuestras colaboraciones con empresas y organizaciones que aportan experiencia, innovaci\u00f3n y compromiso a cada proyecto. Empresas y organizaciones que colaboran con nosotros Gracias a estas alianzas podemos ofrecer soluciones m\u00e1s completas y sostenibles, ampliando el alcance y la [&hellip;]<\/p>\n","protected":false},"author":1,"featured_media":0,"parent":0,"menu_order":0,"comment_status":"closed","ping_status":"closed","template":"","meta":{"footnotes":""},"class_list":["post-694","page","type-page","status-publish","hentry"],"_links":{"self":[{"href":"https:\/\/ecogestionmultiservicios.com\/en\/wp-json\/wp\/v2\/pages\/694","targetHints":{"allow":["GET"]}}],"collection":[{"href":"https:\/\/ecogestionmultiservicios.com\/en\/wp-json\/wp\/v2\/pages"}],"about":[{"href":"https:\/\/ecogestionmultiservicios.com\/en\/wp-json\/wp\/v2\/types\/page"}],"author":[{"embeddable":true,"href":"https:\/\/ecogestionmultiservicios.com\/en\/wp-json\/wp\/v2\/users\/1"}],"replies":[{"embeddable":true,"href":"https:\/\/ecogestionmultiservicios.com\/en\/wp-json\/wp\/v2\/comments?post=694"}],"version-history":[{"count":26,"href":"https:\/\/ecogestionmultiservicios.com\/en\/wp-json\/wp\/v2\/pages\/694\/revisions"}],"predecessor-version":[{"id":914,"href":"https:\/\/ecogestionmultiservicios.com\/en\/wp-json\/wp\/v2\/pages\/694\/revisions\/914"}],"wp:attachment":[{"href":"https:\/\/ecogestionmultiservicios.com\/en\/wp-json\/wp\/v2\/media?parent=694"}],"curies":[{"name":"wp","href":"https:\/\/api.w.org\/{rel}","templated":true}]}}